{"id":214,"date":"2018-02-22T15:39:57","date_gmt":"2018-02-22T15:39:57","guid":{"rendered":"http:\/\/bridge167.qodeinteractive.com\/?page_id=214"},"modified":"2022-07-27T14:51:06","modified_gmt":"2022-07-27T12:51:06","slug":"ablauf","status":"publish","type":"page","link":"https:\/\/dieorthosprechstunde.com\/?page_id=214","title":{"rendered":"Ablauf"},"content":{"rendered":"<p>[vc_row css_animation=&#8220;&#8220; row_type=&#8220;row&#8220; use_row_as_full_screen_section=&#8220;no&#8220; type=&#8220;grid&#8220; angled_section=&#8220;no&#8220; text_align=&#8220;left&#8220; background_image_as_pattern=&#8220;without_pattern&#8220; css=&#8220;.vc_custom_1654446900039{padding-top: 110px !important;padding-bottom: 100px !important;background-color: #ffffff !important;}&#8220; z_index=&#8220;&#8220;][vc_column][vc_column_text]<\/p>\n<h1 style=\"text-align: center;\">Ihre Vorbereitung<\/h1>\n<p>[\/vc_column_text][vc_empty_space height=&#8220;30px&#8220;][vc_column_text]<\/p>\n<h4 style=\"text-align: center;\">Bitte seien Sie p\u00fcnktlich und halten diese Dokumente<strong> (Ausweis, Versicherungskarte<\/strong>) bereit. Sorgen Sie f\u00fcr <strong>eine passende h\u00e4usliche Umgebung <\/strong>und\u00a0schon kann es losgehen &#8211; gem\u00fctlich aus Ihrem Lieblingssessel heraus.<\/h4>\n<p>[\/vc_column_text][vc_empty_space height=&#8220;30px&#8220;][vc_empty_space height=&#8220;30px&#8220;][\/vc_column][\/vc_row][vc_row css_animation=&#8220;&#8220; row_type=&#8220;row&#8220; use_row_as_full_screen_section=&#8220;no&#8220; type=&#8220;grid&#8220; angled_section=&#8220;no&#8220; text_align=&#8220;left&#8220; background_image_as_pattern=&#8220;without_pattern&#8220; css=&#8220;.vc_custom_1654548581531{padding-bottom: 100px !important;background-color: #5f98d2 !important;}&#8220; z_index=&#8220;&#8220;][vc_column width=&#8220;1\/3&#8243; el_class=&#8220;disable-neg-margin-resp&#8220; css=&#8220;.vc_custom_1654501807215{margin-top: -26% !important;}&#8220;]<div class='q_icon_with_title tiny custom_icon_image center '><div class=\"icon_holder \" style=\" \"><img decoding=\"async\" itemprop=\"image\" style=\"\" src=\"https:\/\/dieorthosprechstunde.com\/wp-content\/uploads\/2022\/06\/Plan-Icons.png\" alt=\"\"><\/div><div class=\"icon_text_holder\" style=\"\"><div class=\"icon_text_inner\" style=\"\"><h3 class=\"icon_title\" style=\"color: #ffffff;\">1. Anmeldung<\/h3><p style='color: #ffffff'>Sie melden sich bei unserem zertifizierten Videos-Sprechstunden-Anbieter Doctolib an und suchen sich einen passenden Termin aus.<\/p><\/div><\/div><\/div>[\/vc_column][vc_column width=&#8220;1\/3&#8243; el_class=&#8220;disable-neg-margin-resp&#8220; css=&#8220;.vc_custom_1654501811284{margin-top: -26% !important;}&#8220;]<div class='q_icon_with_title tiny custom_icon_image center '><div class=\"icon_holder \" style=\" \"><img decoding=\"async\" itemprop=\"image\" style=\"\" src=\"https:\/\/dieorthosprechstunde.com\/wp-content\/uploads\/2022\/06\/pass-Icons.png\" alt=\"\"><\/div><div class=\"icon_text_holder\" style=\"\"><div class=\"icon_text_inner\" style=\"\"><h3 class=\"icon_title\" style=\"color: #ffffff;\">1. Identifikation<\/h3><p style='color: #ffffff'>Wir ben\u00f6tigen zur Identifikation einmalig ein amtliches Ausweisdokument.<\/p><\/div><\/div><\/div>[\/vc_column][vc_column width=&#8220;1\/3&#8243; el_class=&#8220;disable-neg-margin-resp&#8220; css=&#8220;.vc_custom_1654501815152{margin-top: -26% !important;}&#8220;]<div class='q_icon_with_title tiny custom_icon_image center '><div class=\"icon_holder \" style=\" \"><img decoding=\"async\" itemprop=\"image\" style=\"\" src=\"https:\/\/dieorthosprechstunde.com\/wp-content\/uploads\/2022\/06\/Beratung-Icons.png\" alt=\"\"><\/div><div class=\"icon_text_holder\" style=\"\"><div class=\"icon_text_inner\" style=\"\"><h3 class=\"icon_title\" style=\"color: #ffffff;\">2. m\u00fcndliche Zustimmung<\/h3><p style='color: #ffffff'>Sie m\u00fcssen einer Fernbehandlung und dem Ablauf m\u00fcndlich zustimmen.<\/p><\/div><\/div><\/div>[\/vc_column][\/vc_row][vc_row css_animation=&#8220;&#8220; row_type=&#8220;row&#8220; use_row_as_full_screen_section=&#8220;no&#8220; type=&#8220;grid&#8220; angled_section=&#8220;no&#8220; text_align=&#8220;left&#8220; background_image_as_pattern=&#8220;without_pattern&#8220; css=&#8220;.vc_custom_1654510619442{padding-top: 110px !important;padding-bottom: 100px !important;background-color: #ffffff !important;}&#8220; z_index=&#8220;&#8220;][vc_column][vc_column_text]<\/p>\n<h1 style=\"text-align: center;\">Der Terminablauf<\/h1>\n<p>[\/vc_column_text][vc_empty_space height=&#8220;30px&#8220;][vc_column_text]<\/p>\n<h4 style=\"text-align: center;\">Jedes <strong>Erstgespr\u00e4ch<\/strong>, in dem es um Beschwerden geht, unterliegt einem bestimmten Ablauf &#8211; von der <strong>Vorgeschichte<\/strong> \u00fcber <strong>Lokalisierung der Schmerzen<\/strong> und einem angemessenen <strong>Therapieplan<\/strong>\u00a0&#8211; bis hin zur <strong>Nachsorge<\/strong>.<\/h4>\n<p>[\/vc_column_text][\/vc_column][\/vc_row][vc_row css_animation=&#8220;&#8220; row_type=&#8220;row&#8220; use_row_as_full_screen_section=&#8220;no&#8220; type=&#8220;full_width&#8220; angled_section=&#8220;no&#8220; text_align=&#8220;left&#8220; background_image_as_pattern=&#8220;without_pattern&#8220; css=&#8220;.vc_custom_1656002255051{padding-right: 5% !important;padding-left: 5% !important;background-color: #e9eff5 !important;}&#8220; z_index=&#8220;&#8220;][vc_column]<div class=\"qode-workflow \">\n    <span class=\"main-line\" style=\"background-color:#5f98d2;\"><\/span>\n    <div class=\"qode-workflow-item\">\n    <span class=\"line\" style=\"\"><\/span>\n    <div class=\"qode-workflow-item-inner reverse\">\n        <div class=\"qode-workflow-image center\">\n            <img decoding=\"async\" width=\"173\" height=\"174\" src=\"https:\/\/dieorthosprechstunde.com\/wp-content\/uploads\/2022\/06\/aua-Icons-isotonic-1.png\" class=\"attachment-full size-full\" alt=\"\" srcset=\"https:\/\/dieorthosprechstunde.com\/wp-content\/uploads\/2022\/06\/aua-Icons-isotonic-1.png 173w, https:\/\/dieorthosprechstunde.com\/wp-content\/uploads\/2022\/06\/aua-Icons-isotonic-1-150x150.png 150w\" sizes=\"(max-width: 173px) 100vw, 173px\" \/>        <\/div>\n        <div class=\"qode-workflow-text\">\n            <span class=\"circle\" style=\"\"><\/span>\n                            <h3>Anamnese<\/h3>\n                                                    <p class=\"text\">In einem pers\u00f6nlichen Gespr\u00e4ch kl\u00e4ren wir die m\u00f6glichen Ursachen Ihrer Schmerzen.<\/p>\n                    <\/div>\n    <\/div>\n<\/div><div class=\"qode-workflow-item\">\n    <span class=\"line\" style=\"\"><\/span>\n    <div class=\"qode-workflow-item-inner \">\n        <div class=\"qode-workflow-image center\">\n            <img decoding=\"async\" width=\"173\" height=\"174\" src=\"https:\/\/dieorthosprechstunde.com\/wp-content\/uploads\/2022\/06\/Icons-isotonic-doc.png\" class=\"attachment-full size-full\" alt=\"dieorthosprechstunde.com\" srcset=\"https:\/\/dieorthosprechstunde.com\/wp-content\/uploads\/2022\/06\/Icons-isotonic-doc.png 173w, https:\/\/dieorthosprechstunde.com\/wp-content\/uploads\/2022\/06\/Icons-isotonic-doc-150x150.png 150w\" sizes=\"(max-width: 173px) 100vw, 173px\" \/>        <\/div>\n        <div class=\"qode-workflow-text\">\n            <span class=\"circle\" style=\"\"><\/span>\n                            <h3>Beratung<\/h3>\n                                                    <p class=\"text\">Wir geben Ihnen eine unabh\u00e4ngige fach\u00e4rztliche Beratung zu orthop\u00e4dischen Beschwerden.<\/p>\n                    <\/div>\n    <\/div>\n<\/div><div class=\"qode-workflow-item\">\n    <span class=\"line\" style=\"\"><\/span>\n    <div class=\"qode-workflow-item-inner reverse\">\n        <div class=\"qode-workflow-image center\">\n            <img decoding=\"async\" width=\"173\" height=\"174\" src=\"https:\/\/dieorthosprechstunde.com\/wp-content\/uploads\/2022\/06\/Icons-isotonic-krankenhaus.png\" class=\"attachment-full size-full\" alt=\"dieorthosprechstunde.com\" srcset=\"https:\/\/dieorthosprechstunde.com\/wp-content\/uploads\/2022\/06\/Icons-isotonic-krankenhaus.png 173w, https:\/\/dieorthosprechstunde.com\/wp-content\/uploads\/2022\/06\/Icons-isotonic-krankenhaus-150x150.png 150w\" sizes=\"(max-width: 173px) 100vw, 173px\" \/>        <\/div>\n        <div class=\"qode-workflow-text\">\n            <span class=\"circle\" style=\"\"><\/span>\n                            <h3>Therapieplan<\/h3>\n                                                    <p class=\"text\">Sie erhalten anhand von Anamnese und Diagnostik eine individuelle Therapieempfehlung.<\/p>\n                    <\/div>\n    <\/div>\n<\/div><div class=\"qode-workflow-item\">\n    <span class=\"line\" style=\"\"><\/span>\n    <div class=\"qode-workflow-item-inner \">\n        <div class=\"qode-workflow-image center\">\n            <img decoding=\"async\" width=\"173\" height=\"174\" src=\"https:\/\/dieorthosprechstunde.com\/wp-content\/uploads\/2022\/06\/Icons-isotonic-therapy.png\" class=\"attachment-full size-full\" alt=\"dieorthosprechstunde.com\" srcset=\"https:\/\/dieorthosprechstunde.com\/wp-content\/uploads\/2022\/06\/Icons-isotonic-therapy.png 173w, https:\/\/dieorthosprechstunde.com\/wp-content\/uploads\/2022\/06\/Icons-isotonic-therapy-150x150.png 150w\" sizes=\"(max-width: 173px) 100vw, 173px\" \/>        <\/div>\n        <div class=\"qode-workflow-text\">\n            <span class=\"circle\" style=\"\"><\/span>\n                            <h3>Kontrolltermin<\/h3>\n                                                    <p class=\"text\">In der Online-Sprechstunde k\u00f6nnen wir Verlaufskontrollen durchf\u00fchren und bei Bedarf die Therapie anpassen.<\/p>\n                    <\/div>\n    <\/div>\n<\/div><\/div>[\/vc_column][\/vc_row][vc_row css_animation=&#8220;&#8220; row_type=&#8220;row&#8220; use_row_as_full_screen_section=&#8220;no&#8220; type=&#8220;grid&#8220; angled_section=&#8220;no&#8220; text_align=&#8220;left&#8220; background_image_as_pattern=&#8220;without_pattern&#8220; css=&#8220;.vc_custom_1656024468683{padding-top: 0px !important;padding-bottom: 150px !important;background-color: #e2ece9 !important;}&#8220; z_index=&#8220;&#8220;][vc_column css=&#8220;.vc_custom_1519298585085{padding-top: 60px !important;}&#8220; offset=&#8220;vc_col-lg-7 vc_col-md-12&#8243;][vc_row_inner row_type=&#8220;row&#8220; type=&#8220;full_width&#8220; text_align=&#8220;left&#8220; css_animation=&#8220;&#8220;][vc_column_inner][qode_elements_holder number_of_columns=&#8220;one_column&#8220;][qode_elements_holder_item advanced_animations=&#8220;no&#8220; item_padding=&#8220;0 0 0 0&#8243; item_padding_1024_1280=&#8220;0 0px 0 37px&#8220; item_padding_768_1024=&#8220;0 0 0 0&#8243; item_padding_600_768=&#8220;0 0 0 37px&#8220; item_padding_480=&#8220;0 0 0 35px&#8220;][vc_empty_space height=&#8220;34px&#8220;][vc_column_text]<\/p>\n<h1 style=\"text-align: center;\">Abrechnung<\/h1>\n<p>[\/vc_column_text][vc_empty_space height=&#8220;30px&#8220;][vc_column_text]<\/p>\n<h4 style=\"text-align: center;\">Die Kosten berechnen sich aus der <strong>Geb\u00fchrenordnung f\u00fcr \u00c4rzte<\/strong> (GO\u00c4). Diese enthalten ggf. auch Zuschl\u00e4ge, welche au\u00dferhalb der regul\u00e4ren Sprechzeiten anfallen.<\/h4>\n<p>[\/vc_column_text][vc_empty_space height=&#8220;30px&#8220;][\/qode_elements_holder_item][\/qode_elements_holder][\/vc_column_inner][\/vc_row_inner][\/vc_column][vc_column offset=&#8220;vc_col-lg-5 vc_col-md-12&#8243;][qode_elements_holder number_of_columns=&#8220;one_column&#8220;][qode_elements_holder_item advanced_animations=&#8220;no&#8220; background_color=&#8220;#94beb3&#8243; item_padding=&#8220;65px 65px 65px 65px&#8220;][vc_column_text]<\/p>\n<h2><span style=\"color: #ffffff;\">Kosten\u00a0<\/span><\/h2>\n<p>[\/vc_column_text][vc_empty_space height=&#8220;13px&#8220;][vc_column_text]Suchen Sie <a href=\"https:\/\/www.doctolib.de\/privatpraxis\/kiel\/grebe-garvin-kiel\"><span style=\"color: #333333;\"><strong><span style=\"text-decoration: underline;\">hier<\/span><\/strong><\/span><\/a> nach einem freien Termin.[\/vc_column_text]<div class=\"qode-advanced-pricing-list\">\n\t<div class=\"qode-apl-header\">\n\t\t<div class=\"qode-apl-title-holder\">\n\t\t\t<h3 class=\"qode-apl-title\" >\n\t\t\t\t\t\t\t<\/h3>\n\t\t<\/div>\n\t<\/div>\n\t<div class=\"qode-apl-items\">\n\t\t\t\t\t<div class=\"qode-apl-item\">\n\t\t\t\t<div class=\"qode-apl-item-top\">\n\t\t\t\t\t<p class=\"qode-apl-item-title\" style=\"color:#ffffff\">\n\t\t\t\t\t\t8:00 - 20:00 Uhr\t\t\t\t\t<\/p>\n\t\t\t\t\t<div class=\"qode-apl-line\" style=\"border-style:dotted;border-color:#ffffff\"><\/div>\n\t\t\t\t\t<p class=\"qode-apl-item-price\" style=\"color:#ffffff\">\n\t\t\t\t\t\t36,94 Euro\t\t\t\t\t<\/p>\n\t\t\t\t<\/div>\n\t\t\t\t\t\t\t<\/div>\n\t\t\t\t\t<div class=\"qode-apl-item\">\n\t\t\t\t<div class=\"qode-apl-item-top\">\n\t\t\t\t\t<p class=\"qode-apl-item-title\" style=\"color:#ffffff\">\n\t\t\t\t\t\t6:00 - 8:00 Uhr\t\t\t\t\t<\/p>\n\t\t\t\t\t<div class=\"qode-apl-line\" style=\"border-style:dotted;border-color:#ffffff\"><\/div>\n\t\t\t\t\t<p class=\"qode-apl-item-price\" style=\"color:#ffffff\">\n\t\t\t\t\t\t47,43 Euro\t\t\t\t\t<\/p>\n\t\t\t\t<\/div>\n\t\t\t\t\t\t\t<\/div>\n\t\t\t\t\t<div class=\"qode-apl-item\">\n\t\t\t\t<div class=\"qode-apl-item-top\">\n\t\t\t\t\t<p class=\"qode-apl-item-title\" style=\"color:#ffffff\">\n\t\t\t\t\t\t20:00-22:00 Uhr\t\t\t\t\t<\/p>\n\t\t\t\t\t<div class=\"qode-apl-line\" style=\"border-style:dotted;border-color:#ffffff\"><\/div>\n\t\t\t\t\t<p class=\"qode-apl-item-price\" style=\"color:#ffffff\">\n\t\t\t\t\t\t47,43 Euro\t\t\t\t\t<\/p>\n\t\t\t\t<\/div>\n\t\t\t\t\t\t\t<\/div>\n\t\t\t\t\t<div class=\"qode-apl-item\">\n\t\t\t\t<div class=\"qode-apl-item-top\">\n\t\t\t\t\t<p class=\"qode-apl-item-title\" style=\"color:#ffffff\">\n\t\t\t\t\t\t22:00 - 6:00 Uhr\t\t\t\t\t<\/p>\n\t\t\t\t\t<div class=\"qode-apl-line\" style=\"border-style:dotted;border-color:#ffffff\"><\/div>\n\t\t\t\t\t<p class=\"qode-apl-item-price\" style=\"color:#ffffff\">\n\t\t\t\t\t\t55,59 Euro\t\t\t\t\t<\/p>\n\t\t\t\t<\/div>\n\t\t\t\t\t\t\t<\/div>\n\t\t\t\t\t<div class=\"qode-apl-item\">\n\t\t\t\t<div class=\"qode-apl-item-top\">\n\t\t\t\t\t<p class=\"qode-apl-item-title\" style=\"color:#ffffff\">\n\t\t\t\t\t\tPrivat Rezept\t\t\t\t\t<\/p>\n\t\t\t\t\t<div class=\"qode-apl-line\" style=\"border-style:dotted;border-color:#ffffff\"><\/div>\n\t\t\t\t\t<p class=\"qode-apl-item-price\" style=\"color:#ffffff\">\n\t\t\t\t\t\t3,15 Euro\t\t\t\t\t<\/p>\n\t\t\t\t<\/div>\n\t\t\t\t\t\t\t<\/div>\n\t\t\t<\/div>\n<\/div>[\/qode_elements_holder_item][\/qode_elements_holder][\/vc_column][\/vc_row][vc_row css_animation=&#8220;&#8220; row_type=&#8220;row&#8220; use_row_as_full_screen_section=&#8220;no&#8220; type=&#8220;grid&#8220; angled_section=&#8220;no&#8220; text_align=&#8220;left&#8220; background_image_as_pattern=&#8220;without_pattern&#8220; css=&#8220;.vc_custom_1656024321549{padding-bottom: 100px !important;background-color: #ffffff !important;}&#8220; z_index=&#8220;&#8220;][vc_column width=&#8220;1\/3&#8243; el_class=&#8220;disable-neg-margin-resp&#8220; css=&#8220;.vc_custom_1654501807215{margin-top: -26% !important;}&#8220;]<div class='q_icon_with_title tiny custom_icon_image center '><div class=\"icon_holder \" style=\" \"><img decoding=\"async\" itemprop=\"image\" style=\"\" src=\"https:\/\/dieorthosprechstunde.com\/wp-content\/uploads\/2022\/06\/privat-Icons.png\" alt=\"\"><\/div><div class=\"icon_text_holder\" style=\"\"><div class=\"icon_text_inner\" style=\"\"><h3 class=\"icon_title\" style=\"color: #3e4140;\">Privatpatient<\/h3><p style='color: #3e4140'>Sind Sie privat versichert, k\u00f6nnen Sie die Rechnung wie gewohnt bei Ihrer Krankenversicherung einreichen. Die Kosten werden erstattet.<\/p><\/div><\/div><\/div>[\/vc_column][vc_column width=&#8220;1\/3&#8243; el_class=&#8220;disable-neg-margin-resp&#8220; css=&#8220;.vc_custom_1654501811284{margin-top: -26% !important;}&#8220;]<div class='q_icon_with_title tiny custom_icon_image center '><div class=\"icon_holder \" style=\" \"><img decoding=\"async\" itemprop=\"image\" style=\"\" src=\"https:\/\/dieorthosprechstunde.com\/wp-content\/uploads\/2022\/06\/pass-Icons.png\" alt=\"\"><\/div><div class=\"icon_text_holder\" style=\"\"><div class=\"icon_text_inner\" style=\"\"><h3 class=\"icon_title\" style=\"color: #3e4140;\">Kassenpatient<\/h3><p style='color: #3e4140'>Wenn Sie gesetzlich versichert sind, m\u00fcssen Sie die Kosten zun\u00e4chst selber tragen (Selbstzahler) - ggf. wird ein Teil des Betrages durch Ihre Krankenkasse erstattet.<\/p><\/div><\/div><\/div>[\/vc_column][vc_column width=&#8220;1\/3&#8243; el_class=&#8220;disable-neg-margin-resp&#8220; css=&#8220;.vc_custom_1654501815152{margin-top: -26% !important;}&#8220;]<div class='q_icon_with_title tiny custom_icon_image center '><div class=\"icon_holder \" style=\" \"><img decoding=\"async\" itemprop=\"image\" style=\"\" src=\"https:\/\/dieorthosprechstunde.com\/wp-content\/uploads\/2022\/06\/Rechnung-Icons.png\" alt=\"\"><\/div><div class=\"icon_text_holder\" style=\"\"><div class=\"icon_text_inner\" style=\"\"><h3 class=\"icon_title\" style=\"color: #3e4140;\">eRezept<\/h3><p style='color: #3e4140'>Da es aktuell in Deutschland noch nicht m\u00f6glich ist, eRezepte auszustellen, bekommen Sie ein Rezept - welches Sie bei Ihrer Apotheke einreichen k\u00f6nnen - als PDF zugeschickt.<\/p><\/div><\/div><\/div>[\/vc_column][\/vc_row]<\/p>\n","protected":false},"excerpt":{"rendered":"<p>[vc_row css_animation=&#8220;&#8220; row_type=&#8220;row&#8220; use_row_as_full_screen_section=&#8220;no&#8220; type=&#8220;grid&#8220; angled_section=&#8220;no&#8220; text_align=&#8220;left&#8220; background_image_as_pattern=&#8220;without_pattern&#8220; css=&#8220;.vc_custom_1654446900039{padding-top: 110px !important;padding-bottom: 100px !important;background-color: #ffffff !important;}&#8220; z_index=&#8220;&#8220;][vc_column][vc_column_text] Ihre Vorbereitung [\/vc_column_text][vc_empty_space height=&#8220;30px&#8220;][vc_column_text] Bitte seien Sie p\u00fcnktlich und halten diese Dokumente (Ausweis, Versicherungskarte) bereit. Sorgen Sie f\u00fcr eine passende h\u00e4usliche Umgebung und\u00a0schon kann es losgehen &#8211; gem\u00fctlich aus&#8230;<\/p>\n","protected":false},"author":1,"featured_media":0,"parent":0,"menu_order":0,"comment_status":"closed","ping_status":"closed","template":"full_width.php","meta":{"footnotes":""},"class_list":["post-214","page","type-page","status-publish","hentry"],"_links":{"self":[{"href":"https:\/\/dieorthosprechstunde.com\/index.php?rest_route=\/wp\/v2\/pages\/214","targetHints":{"allow":["GET"]}}],"collection":[{"href":"https:\/\/dieorthosprechstunde.com\/index.php?rest_route=\/wp\/v2\/pages"}],"about":[{"href":"https:\/\/dieorthosprechstunde.com\/index.php?rest_route=\/wp\/v2\/types\/page"}],"author":[{"embeddable":true,"href":"https:\/\/dieorthosprechstunde.com\/index.php?rest_route=\/wp\/v2\/users\/1"}],"replies":[{"embeddable":true,"href":"https:\/\/dieorthosprechstunde.com\/index.php?rest_route=%2Fwp%2Fv2%2Fcomments&post=214"}],"version-history":[{"count":101,"href":"https:\/\/dieorthosprechstunde.com\/index.php?rest_route=\/wp\/v2\/pages\/214\/revisions"}],"predecessor-version":[{"id":844,"href":"https:\/\/dieorthosprechstunde.com\/index.php?rest_route=\/wp\/v2\/pages\/214\/revisions\/844"}],"wp:attachment":[{"href":"https:\/\/dieorthosprechstunde.com\/index.php?rest_route=%2Fwp%2Fv2%2Fmedia&parent=214"}],"curies":[{"name":"wp","href":"https:\/\/api.w.org\/{rel}","templated":true}]}}