{"id":231,"date":"2018-02-22T16:18:05","date_gmt":"2018-02-22T16:18:05","guid":{"rendered":"http:\/\/bridge167.qodeinteractive.com\/?page_id=231"},"modified":"2022-06-23T19:34:47","modified_gmt":"2022-06-23T17:34:47","slug":"behandlungen","status":"publish","type":"page","link":"https:\/\/dieorthosprechstunde.com\/?page_id=231","title":{"rendered":"Behandlungen"},"content":{"rendered":"<p>[vc_row css_animation=&#8220;&#8220; row_type=&#8220;row&#8220; use_row_as_full_screen_section=&#8220;no&#8220; type=&#8220;grid&#8220; angled_section=&#8220;no&#8220; text_align=&#8220;left&#8220; background_image_as_pattern=&#8220;without_pattern&#8220; css=&#8220;.vc_custom_1654446900039{padding-top: 110px !important;padding-bottom: 100px !important;background-color: #ffffff !important;}&#8220; z_index=&#8220;&#8220;][vc_column][vc_column_text]<\/p>\n<h1 style=\"text-align: center;\">Die Ortho-Sprechstunde<\/h1>\n<p>[\/vc_column_text][vc_empty_space height=&#8220;30px&#8220;][vc_column_text]<\/p>\n<h4 style=\"text-align: center;\">In der Ortho-Sprechstunde k\u00f6nnen Sie jederzeit und \u00fcberall einen Orthop\u00e4den\/Unfallchirurgen konsultieren und Fragen zu Ihren gesundheitlichen Problemen stellen. Klassische Probleme sind im Bereich von Skelett, Muskeln und Sehnen zu finden.<\/h4>\n<p>[\/vc_column_text][\/vc_column][\/vc_row][vc_row css_animation=&#8220;&#8220; row_type=&#8220;row&#8220; use_row_as_full_screen_section=&#8220;no&#8220; type=&#8220;grid&#8220; angled_section=&#8220;no&#8220; text_align=&#8220;left&#8220; background_image_as_pattern=&#8220;without_pattern&#8220; css=&#8220;.vc_custom_1656002781361{background-color: #ffffff !important;}&#8220; z_index=&#8220;&#8220;][vc_column offset=&#8220;vc_col-lg-4 vc_col-md-4&#8243; el_class=&#8220;disable-neg-margin-resp&#8220;]<div class=\"image_with_text\"><img decoding=\"async\" itemprop=\"image\" src=\"https:\/\/dieorthosprechstunde.com\/wp-content\/uploads\/2022\/06\/anam-behandlung.jpg\" alt=\"Anamnese\" \/><h3 >Anamnese<\/h3><span style=\"margin: 6px 0px;\" class=\"separator transparent\"><\/span>In einem pers\u00f6nlichen Gespr\u00e4ch er\u00f6rtern wir die Ursache und die Geschichte Ihrer Beschwerden.<\/div>[\/vc_column][vc_column offset=&#8220;vc_col-lg-4 vc_col-md-4&#8243; el_class=&#8220;disable-neg-margin-resp&#8220;]<div class=\"image_with_text\"><img decoding=\"async\" itemprop=\"image\" src=\"https:\/\/dieorthosprechstunde.com\/wp-content\/uploads\/2022\/06\/bewertung-behandlung.jpg\" alt=\"Bewertung\" \/><h3 >Bewertung<\/h3><span style=\"margin: 6px 0px;\" class=\"separator transparent\"><\/span>Sie erhalten anhand der visuellen Untersuchung und aktuellen Beschwerden einen individuellen Therapieplan.<\/div>[\/vc_column][vc_column offset=&#8220;vc_col-lg-4 vc_col-md-4&#8243; el_class=&#8220;disable-neg-margin-resp&#8220;]<div class=\"image_with_text\"><img decoding=\"async\" itemprop=\"image\" src=\"https:\/\/dieorthosprechstunde.com\/wp-content\/uploads\/2022\/06\/problem-behandlung.jpg\" alt=\"Zweitmeinung\" \/><h3 >Zweitmeinung<\/h3><span style=\"margin: 6px 0px;\" class=\"separator transparent\"><\/span>Wir geben Ihnen eine unabh\u00e4ngige fach\u00e4rztliche Zweitmeinung zu geplanten Operationen und Therapien.<\/div>[\/vc_column][\/vc_row][vc_row css_animation=&#8220;&#8220; row_type=&#8220;row&#8220; use_row_as_full_screen_section=&#8220;no&#8220; type=&#8220;grid&#8220; angled_section=&#8220;no&#8220; text_align=&#8220;left&#8220; background_image_as_pattern=&#8220;without_pattern&#8220; css=&#8220;.vc_custom_1656002930796{padding-top: 50px !important;padding-bottom: 100px !important;background-color: #ffffff !important;}&#8220; z_index=&#8220;&#8220;][vc_column offset=&#8220;vc_col-lg-4 vc_col-md-4&#8243; el_class=&#8220;disable-neg-margin-resp&#8220;]<div class=\"image_with_text\"><img decoding=\"async\" itemprop=\"image\" src=\"https:\/\/dieorthosprechstunde.com\/wp-content\/uploads\/2022\/06\/hilfe-behandlung.jpg\" alt=\"Hilfsmittelberatung\" \/><h3 >Hilfsmittelberatung<\/h3><span style=\"margin: 6px 0px;\" class=\"separator transparent\"><\/span>Wir geben Ihnen eine spezielle Hilfsmittelberatung bei komplexen orthop\u00e4dischen Fragestellungen.<\/div>[vc_empty_space height=&#8220;22px&#8220;][\/vc_column][vc_column offset=&#8220;vc_col-lg-4 vc_col-md-4&#8243; el_class=&#8220;disable-neg-margin-resp&#8220;]<div class=\"image_with_text\"><img decoding=\"async\" itemprop=\"image\" src=\"https:\/\/dieorthosprechstunde.com\/wp-content\/uploads\/2022\/06\/erleichterung-behandlung.jpg\" alt=\"Kontrollen nach OP\" \/><h3 >Kontrollen nach OP<\/h3><span style=\"margin: 6px 0px;\" class=\"separator transparent\"><\/span>Wir k\u00f6nnen regelm\u00e4\u00dfige postoperative Nachuntersuchungen und Verlaufskontrollen durchf\u00fchren &#8211; sowie, falls n\u00f6tig, Krankengymnastik verordnen.<\/div>[vc_empty_space height=&#8220;22px&#8220;][\/vc_column][vc_column offset=&#8220;vc_col-lg-4 vc_col-md-4&#8243; el_class=&#8220;disable-neg-margin-resp&#8220;]<div class=\"image_with_text\"><img decoding=\"async\" itemprop=\"image\" src=\"https:\/\/dieorthosprechstunde.com\/wp-content\/uploads\/2022\/06\/behandlung-behandlung.jpg\" alt=\"Behandlungskonzept\" \/><h3 >Behandlungskonzept<\/h3><span style=\"margin: 6px 0px;\" class=\"separator transparent\"><\/span>Wir erstellen gemeinsam ein Therapiekonzept, legen Meilensteine und Ziele f\u00fcr Ihre Gesundung fest.<\/div>[vc_empty_space height=&#8220;22px&#8220;][\/vc_column][\/vc_row][vc_row css_animation=&#8220;&#8220; row_type=&#8220;row&#8220; use_row_as_full_screen_section=&#8220;no&#8220; type=&#8220;grid&#8220; angled_section=&#8220;no&#8220; text_align=&#8220;left&#8220; background_image_as_pattern=&#8220;without_pattern&#8220; css=&#8220;.vc_custom_1654550671451{padding-top: 100px !important;padding-bottom: 100px !important;background-color: #5f98d2 !important;}&#8220; z_index=&#8220;&#8220;][vc_column][vc_column_text]<\/p>\n<h1 style=\"text-align: center;\"><span style=\"color: #ffffff;\">Nicht alles ist online m\u00f6glich<\/span><\/h1>\n<p>[\/vc_column_text][vc_empty_space height=&#8220;30px&#8220;][vc_column_text]<\/p>\n<h4 style=\"text-align: center;\"><span style=\"color: #ffffff;\"><strong>Aber doch mehr, als man sich zun\u00e4chst vorstellen kann.<\/strong> Das ausf\u00fchrliche Gespr\u00e4ch ist auch online m\u00f6glich, OP Kontrollen ohne beschwerlichen Anfahrtsweg oder eine unabh\u00e4ngige Therapieempfehlung zu geplanten Operationen.<\/span><\/h4>\n<p>[\/vc_column_text][vc_empty_space height=&#8220;85px&#8220;][qode_content_slider direction_nav=&#8220;yes&#8220; control_nav=&#8220;no&#8220; control_nav_justify=&#8220;no&#8220; pause_on_hover=&#8220;yes&#8220;][qode_content_slider_item][qode_elements_holder number_of_columns=&#8220;two_columns&#8220; switch_to_one_column=&#8220;1000&#8243;][qode_elements_holder_item cover=&#8220;yes&#8220; vertical_alignment=&#8220;bottom&#8220; advanced_animations=&#8220;no&#8220; background_image=&#8220;564&#8243; item_padding=&#8220;112px 0px 120px 100px&#8220;][vc_empty_space height=&#8220;100px&#8220;][\/qode_elements_holder_item][qode_elements_holder_item cover=&#8220;yes&#8220; advanced_animations=&#8220;no&#8220; background_image=&#8220;336&#8243; item_padding=&#8220;112px 0px 120px 100px&#8220; item_padding_480=&#8220;112px 30px 120px 30px&#8220;][vc_column_text]<\/p>\n<h2>Anamnese<\/h2>\n<p>[\/vc_column_text][vc_empty_space height=&#8220;29px&#8220;]<div class=\"q_icon_list\"><i class=\"qode_icon_font_awesome fa fa-check qode-ili-icon-holder transparent\" style=\"font-size: 30px;color: #94beb3;\" ><\/i><p style=\"color:#48484c;font-size: 18px;font-weight: 400;\">Schmerzdauer<\/p><\/div><div class=\"q_icon_list\"><i class=\"qode_icon_font_awesome fa fa-check qode-ili-icon-holder transparent\" style=\"font-size: 30px;color: #94beb3;\" ><\/i><p style=\"color:#48484c;font-size: 18px;font-weight: 400;\">Schmerzlokalisation<\/p><\/div><div class=\"q_icon_list\"><i class=\"qode_icon_font_awesome fa fa-check qode-ili-icon-holder transparent\" style=\"font-size: 30px;color: #94beb3;\" ><\/i><p style=\"color:#48484c;font-size: 18px;font-weight: 400;\">Ursachenforschung<\/p><\/div>[vc_empty_space height=&#8220;29px&#8220;][\/qode_elements_holder_item][\/qode_elements_holder][\/qode_content_slider_item][qode_content_slider_item][qode_elements_holder number_of_columns=&#8220;two_columns&#8220; switch_to_one_column=&#8220;1000&#8243;][qode_elements_holder_item cover=&#8220;yes&#8220; vertical_alignment=&#8220;bottom&#8220; horizontal_alignment=&#8220;left&#8220; advanced_animations=&#8220;no&#8220; background_image=&#8220;586&#8243; item_padding=&#8220;112px 0px 120px 100px&#8220;][vc_empty_space height=&#8220;100px&#8220;][\/qode_elements_holder_item][qode_elements_holder_item cover=&#8220;yes&#8220; advanced_animations=&#8220;no&#8220; background_image=&#8220;336&#8243; item_padding=&#8220;112px 0px 120px 100px&#8220; item_padding_480=&#8220;112px 30px 120px 30px&#8220;][vc_column_text]<\/p>\n<h2>Zweitmeinung<\/h2>\n<p>[\/vc_column_text][vc_empty_space height=&#8220;29px&#8220;]<div class=\"q_icon_list\"><i class=\"qode_icon_font_awesome fa fa-check qode-ili-icon-holder transparent\" style=\"font-size: 30px;color: #94beb3;\" ><\/i><p style=\"color:#48484c;font-size: 18px;font-weight: 400;\">unabh\u00e4ngige Zweitmeinung zu geplanten Operationen<\/p><\/div><div class=\"q_icon_list\"><i class=\"qode_icon_font_awesome fa fa-check qode-ili-icon-holder transparent\" style=\"font-size: 30px;color: #94beb3;\" ><\/i><p style=\"color:#48484c;font-size: 18px;font-weight: 400;\">Erweiterung der Diagnostik<\/p><\/div><div class=\"q_icon_list\"><i class=\"qode_icon_font_awesome fa fa-check qode-ili-icon-holder transparent\" style=\"font-size: 30px;color: #94beb3;\" ><\/i><p style=\"color:#48484c;font-size: 18px;font-weight: 400;\">Erstellen einer individuellen Therapieempfehlung<\/p><\/div>[vc_empty_space height=&#8220;29px&#8220;][\/qode_elements_holder_item][\/qode_elements_holder][\/qode_content_slider_item][qode_content_slider_item][qode_elements_holder number_of_columns=&#8220;two_columns&#8220; switch_to_one_column=&#8220;1000&#8243;][qode_elements_holder_item cover=&#8220;yes&#8220; vertical_alignment=&#8220;bottom&#8220; advanced_animations=&#8220;no&#8220; background_image=&#8220;573&#8243; item_padding=&#8220;112px 0px 120px 100px&#8220;][vc_empty_space height=&#8220;100px&#8220;][\/qode_elements_holder_item][qode_elements_holder_item cover=&#8220;yes&#8220; advanced_animations=&#8220;no&#8220; background_image=&#8220;336&#8243; item_padding=&#8220;112px 0px 120px 100px&#8220; item_padding_480=&#8220;112px 30px 120px 30px&#8220;][vc_column_text]<\/p>\n<h2>Kontrollen nach OP<\/h2>\n<p>[\/vc_column_text][vc_empty_space height=&#8220;29px&#8220;]<div class=\"q_icon_list\"><i class=\"qode_icon_font_awesome fa fa-check qode-ili-icon-holder transparent\" style=\"font-size: 30px;color: #94beb3;\" ><\/i><p style=\"color:#48484c;font-size: 18px;font-weight: 400;\">Wundenkontrolle<\/p><\/div><div class=\"q_icon_list\"><i class=\"qode_icon_font_awesome fa fa-check qode-ili-icon-holder transparent\" style=\"font-size: 30px;color: #94beb3;\" ><\/i><p style=\"color:#48484c;font-size: 18px;font-weight: 400;\">Schmerzmanagement<\/p><\/div><div class=\"q_icon_list\"><i class=\"qode_icon_font_awesome fa fa-check qode-ili-icon-holder transparent\" style=\"font-size: 30px;color: #94beb3;\" ><\/i><p style=\"color:#48484c;font-size: 18px;font-weight: 400;\">Rehabilitation<\/p><\/div>[vc_empty_space height=&#8220;29px&#8220;][\/qode_elements_holder_item][\/qode_elements_holder][\/qode_content_slider_item][\/qode_content_slider][\/vc_column][\/vc_row]<\/p>\n","protected":false},"excerpt":{"rendered":"<p>[vc_row css_animation=&#8220;&#8220; row_type=&#8220;row&#8220; use_row_as_full_screen_section=&#8220;no&#8220; type=&#8220;grid&#8220; angled_section=&#8220;no&#8220; text_align=&#8220;left&#8220; background_image_as_pattern=&#8220;without_pattern&#8220; css=&#8220;.vc_custom_1654446900039{padding-top: 110px !important;padding-bottom: 100px !important;background-color: #ffffff !important;}&#8220; z_index=&#8220;&#8220;][vc_column][vc_column_text] Die Ortho-Sprechstunde [\/vc_column_text][vc_empty_space height=&#8220;30px&#8220;][vc_column_text] In der Ortho-Sprechstunde k\u00f6nnen Sie jederzeit und \u00fcberall einen Orthop\u00e4den\/Unfallchirurgen konsultieren und Fragen zu Ihren gesundheitlichen Problemen stellen. Klassische Probleme sind im Bereich von Skelett,&#8230;<\/p>\n","protected":false},"author":1,"featured_media":0,"parent":0,"menu_order":0,"comment_status":"closed","ping_status":"closed","template":"full_width.php","meta":{"footnotes":""},"class_list":["post-231","page","type-page","status-publish","hentry"],"_links":{"self":[{"href":"https:\/\/dieorthosprechstunde.com\/index.php?rest_route=\/wp\/v2\/pages\/231","targetHints":{"allow":["GET"]}}],"collection":[{"href":"https:\/\/dieorthosprechstunde.com\/index.php?rest_route=\/wp\/v2\/pages"}],"about":[{"href":"https:\/\/dieorthosprechstunde.com\/index.php?rest_route=\/wp\/v2\/types\/page"}],"author":[{"embeddable":true,"href":"https:\/\/dieorthosprechstunde.com\/index.php?rest_route=\/wp\/v2\/users\/1"}],"replies":[{"embeddable":true,"href":"https:\/\/dieorthosprechstunde.com\/index.php?rest_route=%2Fwp%2Fv2%2Fcomments&post=231"}],"version-history":[{"count":64,"href":"https:\/\/dieorthosprechstunde.com\/index.php?rest_route=\/wp\/v2\/pages\/231\/revisions"}],"predecessor-version":[{"id":727,"href":"https:\/\/dieorthosprechstunde.com\/index.php?rest_route=\/wp\/v2\/pages\/231\/revisions\/727"}],"wp:attachment":[{"href":"https:\/\/dieorthosprechstunde.com\/index.php?rest_route=%2Fwp%2Fv2%2Fmedia&parent=231"}],"curies":[{"name":"wp","href":"https:\/\/api.w.org\/{rel}","templated":true}]}}