{"id":386,"date":"2022-06-05T18:42:18","date_gmt":"2022-06-05T16:42:18","guid":{"rendered":"https:\/\/dieorthosprechstunde.com\/?page_id=386"},"modified":"2022-06-28T16:38:38","modified_gmt":"2022-06-28T14:38:38","slug":"impressum","status":"publish","type":"page","link":"https:\/\/dieorthosprechstunde.com\/?page_id=386","title":{"rendered":"Impressum"},"content":{"rendered":"<p>[vc_row css_animation=&#8220;&#8220; row_type=&#8220;row&#8220; use_row_as_full_screen_section=&#8220;no&#8220; type=&#8220;grid&#8220; angled_section=&#8220;no&#8220; text_align=&#8220;left&#8220; background_image_as_pattern=&#8220;without_pattern&#8220; css=&#8220;.vc_custom_1654446900039{padding-top: 110px !important;padding-bottom: 100px !important;background-color: #ffffff !important;}&#8220; z_index=&#8220;&#8220;][vc_column][vc_column_text]<\/p>\n<h2 style=\"text-align: left;\">Impressum<\/h2>\n<p>[\/vc_column_text][vc_empty_space height=&#8220;30px&#8220;][vc_column_text]<\/p>\n<div>\n<h4>Inhaltlich verantwortlich:<\/h4>\n<p>[vc_separator type=&#8217;transparent&#8216; position=&#8217;center&#8216; color=&#8220; thickness=&#8217;5&#8242; up=&#8220; down=&#8220;]<\/p>\n<\/div>\n<div class=\"fusion-text fusion-text-1\">\n<p style=\"font-weight: 400;\">Privatpraxis Orthop\u00e4die am Schulensee<\/p>\n<p style=\"font-weight: 400;\">Dr. med. Garvin Grebe<br \/>\nHamburger Chaussee 339<br \/>\n24113 Kiel<br \/>\nEmail: info@dieorthosprechstunde.com<\/p>\n<p style=\"font-weight: 400;\">Fax: 0431\/65993862<\/p>\n<p>[vc_separator type=&#8217;transparent&#8216; position=&#8217;center&#8216; color=&#8220; thickness=&#8217;5&#8242; up=&#8220; down=&#8220;]<\/p>\n<p>Gesch\u00e4ftsf\u00fchrer:<br \/>\nDr. med. Garvin Grebe<\/p>\n<p>[vc_separator type=&#8217;transparent&#8216; position=&#8217;center&#8216; color=&#8220; thickness=&#8217;10&#8216; up=&#8220; down=&#8220;]<\/p>\n<\/div>\n<div>\n<h4>Zust\u00e4ndige \u00c4rztekammer<\/h4>\n<p>[vc_separator type=&#8217;transparent&#8216; position=&#8217;center&#8216; color=&#8220; thickness=&#8217;5&#8242; up=&#8220; down=&#8220;]<\/p>\n<\/div>\n<div class=\"fusion-text fusion-text-2\">\n<p>\u00c4rztekammer Schleswig Holstein<br \/>\nBismarckallee 8-12<br \/>\n23795 Bad Segeberg<\/p>\n<p>[vc_separator type=&#8217;transparent&#8216; position=&#8217;center&#8216; color=&#8220; thickness=&#8217;10&#8216; up=&#8220; down=&#8220;]<\/p>\n<\/div>\n<div>\n<h4>Zust\u00e4ndige Aufsichtsbeh\u00f6rde<\/h4>\n<p>[vc_separator type=&#8217;transparent&#8216; position=&#8217;center&#8216; color=&#8220; thickness=&#8217;5&#8242; up=&#8220; down=&#8220;]<\/p>\n<\/div>\n<div class=\"fusion-text fusion-text-3\">\n<p style=\"font-weight: 400;\">Kassen\u00e4rztliche Vereinigung Schleswig Holstein<\/p>\n<p style=\"font-weight: 400;\">Berufsrechtliche\u00a0 Regelungen finden sie auf den Seiten der \u00c4rztekammer Schleswig-Holstein (<a href=\"https:\/\/www.aeksh.de\/\">https:\/\/www.aeksh.de\/<\/a>)<\/p>\n<p>[vc_separator type=&#8217;transparent&#8216; position=&#8217;center&#8216; color=&#8220; thickness=&#8217;10&#8216; up=&#8220; down=&#8220;]<\/p>\n<\/div>\n<div class=\"fusion-title title fusion-title-4 fusion-sep-none fusion-title-text fusion-title-size-two\">\n<h4>Webseite umgesetzt von<\/h4>\n<p>[vc_separator type=&#8217;transparent&#8216; position=&#8217;center&#8216; color=&#8220; thickness=&#8217;5&#8242; up=&#8220; down=&#8220;]<\/p>\n<p><a href=\"https:\/\/www.van-calker.com\">Astrid van Calker, Grafik- und Webdesign<\/a><\/p>\n<p>[vc_separator type=&#8217;transparent&#8216; position=&#8217;center&#8216; color=&#8220; thickness=&#8217;10&#8216; up=&#8220; down=&#8220;]<\/p>\n<p>[vc_separator type=&#8217;transparent&#8216; position=&#8217;center&#8216; color=&#8220; thickness=&#8217;10&#8216; up=&#8220; down=&#8220;]<\/p>\n<\/div>\n<p style=\"font-weight: 400;\">Der Herausgeber \u00fcbernimmt keine Gew\u00e4hr f\u00fcr die Richtigkeit der Angaben und Daten. Die Seiten entsprechen dem Beschluss der Bundes\u00e4rztekammer vom 14.2.98 (Kap. D I. Nr. 6 MBO)<\/p>\n<p>[\/vc_column_text][vc_empty_space height=&#8220;85px&#8220;][\/vc_column][\/vc_row]<\/p>\n","protected":false},"excerpt":{"rendered":"<p>[vc_row css_animation=&#8220;&#8220; row_type=&#8220;row&#8220; use_row_as_full_screen_section=&#8220;no&#8220; type=&#8220;grid&#8220; angled_section=&#8220;no&#8220; text_align=&#8220;left&#8220; background_image_as_pattern=&#8220;without_pattern&#8220; css=&#8220;.vc_custom_1654446900039{padding-top: 110px !important;padding-bottom: 100px !important;background-color: #ffffff !important;}&#8220; z_index=&#8220;&#8220;][vc_column][vc_column_text] Impressum [\/vc_column_text][vc_empty_space height=&#8220;30px&#8220;][vc_column_text] Inhaltlich verantwortlich: [vc_separator type=&#8217;transparent&#8216; position=&#8217;center&#8216; color=&#8220; thickness=&#8217;5&#8242; up=&#8220; down=&#8220;] Privatpraxis Orthop\u00e4die am Schulensee Dr. med. Garvin Grebe Hamburger Chaussee 339 24113 Kiel Email: info@dieorthosprechstunde.com Fax: 0431\/65993862&#8230;<\/p>\n","protected":false},"author":1,"featured_media":0,"parent":0,"menu_order":0,"comment_status":"closed","ping_status":"closed","template":"full_width.php","meta":{"footnotes":""},"class_list":["post-386","page","type-page","status-publish","hentry"],"_links":{"self":[{"href":"https:\/\/dieorthosprechstunde.com\/index.php?rest_route=\/wp\/v2\/pages\/386","targetHints":{"allow":["GET"]}}],"collection":[{"href":"https:\/\/dieorthosprechstunde.com\/index.php?rest_route=\/wp\/v2\/pages"}],"about":[{"href":"https:\/\/dieorthosprechstunde.com\/index.php?rest_route=\/wp\/v2\/types\/page"}],"author":[{"embeddable":true,"href":"https:\/\/dieorthosprechstunde.com\/index.php?rest_route=\/wp\/v2\/users\/1"}],"replies":[{"embeddable":true,"href":"https:\/\/dieorthosprechstunde.com\/index.php?rest_route=%2Fwp%2Fv2%2Fcomments&post=386"}],"version-history":[{"count":13,"href":"https:\/\/dieorthosprechstunde.com\/index.php?rest_route=\/wp\/v2\/pages\/386\/revisions"}],"predecessor-version":[{"id":781,"href":"https:\/\/dieorthosprechstunde.com\/index.php?rest_route=\/wp\/v2\/pages\/386\/revisions\/781"}],"wp:attachment":[{"href":"https:\/\/dieorthosprechstunde.com\/index.php?rest_route=%2Fwp%2Fv2%2Fmedia&parent=386"}],"curies":[{"name":"wp","href":"https:\/\/api.w.org\/{rel}","templated":true}]}}